{"id":999,"date":"2022-10-25T17:23:08","date_gmt":"2022-10-25T15:23:08","guid":{"rendered":"https:\/\/oscarsarramia.com\/sobre-mi\/"},"modified":"2022-11-22T15:52:58","modified_gmt":"2022-11-22T14:52:58","slug":"sobre-mi","status":"publish","type":"page","link":"https:\/\/oscarsarramia.com\/es\/sobre-mi\/","title":{"rendered":"Sobre m\u00ed"},"content":{"rendered":"<div class=\"wp-block-kadence-rowlayout alignnone estructura--interiors has-ek-typography\" style=\"\"><div id=\"kt-layout-id_480862-7d\" class=\"kt-row-layout-inner kt-layout-id_480862-7d\"><div class=\"kt-row-column-wrap kt-has-1-columns kt-gutter-default kt-v-gutter-default kt-row-valign-top kt-row-layout-equal kt-tab-layout-inherit kt-m-colapse-left-to-right kt-mobile-layout-row\"><div class=\"wp-block-kadence-column inner-column-1 kadence-column_f81684-34 has-ek-typography\" style=\"\"><div class=\"kt-inside-inner-col\"><h1 class=\"wp-block-post-title has-ek-typography\" style=\"\">Sobre m\u00ed<\/h1>\n\n<div class=\"wp-block-kadence-rowlayout alignnone img--principal has-ek-typography\" style=\"\"><div id=\"kt-layout-id_0c1969-2a\" class=\"kt-row-layout-inner kt-layout-id_0c1969-2a\"><div class=\"kt-row-column-wrap kt-has-1-columns kt-gutter-default kt-v-gutter-default kt-row-valign-top kt-row-layout-equal kt-tab-layout-inherit kt-m-colapse-left-to-right kt-mobile-layout-row\"><div class=\"wp-block-kadence-column inner-column-1 kadence-column_214eee-56 has-ek-typography\" style=\"\"><div class=\"kt-inside-inner-col\"><figure class=\"wp-block-post-featured-image has-ek-typography\" style=\"\"><img width=\"2560\" height=\"2225\" src=\"https:\/\/oscarsarramia.com\/wp-content\/uploads\/2022\/10\/oscar-sarramia-scaled.jpg\" class=\"attachment-post-thumbnail size-post-thumbnail wp-post-image\" alt=\"\u00d2scar Sarramia\" decoding=\"async\" loading=\"lazy\" srcset=\"https:\/\/oscarsarramia.com\/wp-content\/uploads\/2022\/10\/oscar-sarramia-scaled.jpg 2560w, https:\/\/oscarsarramia.com\/wp-content\/uploads\/2022\/10\/oscar-sarramia-300x261.jpg 300w, https:\/\/oscarsarramia.com\/wp-content\/uploads\/2022\/10\/oscar-sarramia-1800x1565.jpg 1800w, https:\/\/oscarsarramia.com\/wp-content\/uploads\/2022\/10\/oscar-sarramia-768x668.jpg 768w, https:\/\/oscarsarramia.com\/wp-content\/uploads\/2022\/10\/oscar-sarramia-1536x1335.jpg 1536w, https:\/\/oscarsarramia.com\/wp-content\/uploads\/2022\/10\/oscar-sarramia-2048x1780.jpg 2048w, https:\/\/oscarsarramia.com\/wp-content\/uploads\/2022\/10\/oscar-sarramia-1200x1043.jpg 1200w, https:\/\/oscarsarramia.com\/wp-content\/uploads\/2022\/10\/oscar-sarramia-1400x1217.jpg 1400w\" sizes=\"(max-width: 2560px) 100vw, 2560px\"><\/figure><\/div><\/div><\/div><\/div><\/div>\n\n<p class=\" has-ek-typography\" style=\"\">Ilustrador, dise\u00f1ador y realizador ilerdense, trabajo en el terreno de la animaci\u00f3n, el dise\u00f1o y la ilustraci\u00f3n desde el a\u00f1o 1996. Creador, director y director art\u00edstico de la serie Horacio el inuit.<\/p>\n\n<p class=\" has-ek-typography\" style=\"\">Nac\u00ed en Lleida en 1972. De peque\u00f1o hac\u00eda lo que hac\u00edan todos los ni\u00f1os del 72: jugaba en la calle, me pelaba las rodillas, miraba aquella televisi\u00f3n que s\u00f3lo ten\u00eda dos canales, merendaba Nocilla, so\u00f1aba con ser futbolista y llenaba de dibujos los m\u00e1rgenes de los libros de la escuela.<\/p>\n\n<p class=\" has-ek-typography\" style=\"\">Un d\u00eda mi padre decidi\u00f3 aprender a pintar al \u00f3leo y un servidor descubri\u00f3 que le encantaba acompa\u00f1arle. Desde entonces, jugar a f\u00fatbol y dibujar fueron mis dos pasiones. Empec\u00e9 a dibujar para fanzines sobre f\u00fatbol y rock, y tras comprobar que como futbolista no llegar\u00eda muy lejos, me form\u00e9 como ilustrador y prob\u00e9 suerte con todo tipo de estilos: publicidad, prensa, dibujos animados\u2026<\/p><\/div><\/div><\/div><\/div><\/div>","protected":false},"excerpt":{"rendered":"<p>Ilustrador, dise\u00f1ador y realizador ilerdense, trabajo en el terreno de la animaci\u00f3n, el dise\u00f1o y la ilustraci\u00f3n desde el a\u00f1o 1996. Creador, director y director art\u00edstico de la serie Horacio el inuit. Nac\u00ed en Lleida en 1972. De peque\u00f1o hac\u00eda lo que hac\u00edan todos los ni\u00f1os del 72: jugaba en la calle, me pelaba las &hellip;<\/p>\n","protected":false},"author":4,"featured_media":701,"parent":0,"menu_order":0,"comment_status":"closed","ping_status":"closed","template":"templates\/template-builder.php","meta":{"_editorskit_title_hidden":false,"_editorskit_reading_time":0,"_editorskit_typography_data":[],"_editorskit_blocks_typography":"","_editorskit_is_block_options_detached":false,"_editorskit_block_options_position":"{}","inline_featured_image":false},"featured_image_src":"https:\/\/oscarsarramia.com\/wp-content\/uploads\/2022\/10\/oscar-sarramia-600x400.jpg","featured_image_src_square":"https:\/\/oscarsarramia.com\/wp-content\/uploads\/2022\/10\/oscar-sarramia-600x600.jpg","_links":{"self":[{"href":"https:\/\/oscarsarramia.com\/es\/wp-json\/wp\/v2\/pages\/999"}],"collection":[{"href":"https:\/\/oscarsarramia.com\/es\/wp-json\/wp\/v2\/pages"}],"about":[{"href":"https:\/\/oscarsarramia.com\/es\/wp-json\/wp\/v2\/types\/page"}],"author":[{"embeddable":true,"href":"https:\/\/oscarsarramia.com\/es\/wp-json\/wp\/v2\/users\/4"}],"replies":[{"embeddable":true,"href":"https:\/\/oscarsarramia.com\/es\/wp-json\/wp\/v2\/comments?post=999"}],"version-history":[{"count":2,"href":"https:\/\/oscarsarramia.com\/es\/wp-json\/wp\/v2\/pages\/999\/revisions"}],"predecessor-version":[{"id":1002,"href":"https:\/\/oscarsarramia.com\/es\/wp-json\/wp\/v2\/pages\/999\/revisions\/1002"}],"wp:featuredmedia":[{"embeddable":true,"href":"https:\/\/oscarsarramia.com\/es\/wp-json\/wp\/v2\/media\/701"}],"wp:attachment":[{"href":"https:\/\/oscarsarramia.com\/es\/wp-json\/wp\/v2\/media?parent=999"}],"curies":[{"name":"wp","href":"https:\/\/api.w.org\/{rel}","templated":true}]}}